{"id":30,"date":"2023-01-25T17:07:47","date_gmt":"2023-01-25T16:07:47","guid":{"rendered":"https:\/\/www.0tolerancia.hu\/0tolerancia.hu\/?page_id=30"},"modified":"2023-02-03T14:34:33","modified_gmt":"2023-02-03T13:34:33","slug":"kapcsolat","status":"publish","type":"page","link":"https:\/\/www.0tolerancia.hu\/index.php\/kapcsolat\/","title":{"rendered":"Kapcsolat"},"content":{"rendered":"\n<div class=\"flexnw\" style=\"margin-top: -40px;\"><h1 class=\"cim\"><span class=\"kekszoveg vastagbetu\">Kapcsolat<\/span><\/h1><\/div>\n<div class=\"flexnw\"><div><p class=\"kozepre\">\nTelefon: +36 1 445-4066<\/br>\nFax: +36 1 700-1601<\/br>\nMobil: +36 20 260-7072<\/br>\nSkype: mgyorei<\/br>\nE-mail: <a href=\"mailto:info@0tolerancia.hu\">info@0tolerancia.hu<\/a><\/br>\nFacebook:&nbsp;<a href=\"http:\/\/www.facebook.com\/ZeroToleranciaKft\">http:\/\/www.facebook.com\/ZeroToleranciaKft<\/a>\n<\/p><\/div><div id=\"kezdokep\"><img loading=\"lazy\" decoding=\"async\" style=\"border: 0px solid #a1cbd6; padding: 7px; margin-top: 20px; border: 3px solid #cccddc;\" src=\"https:\/\/www.0tolerancia.hu\/0tolerancia.hu\/wp-content\/uploads\/2023\/02\/contactus3.png\" width=\"120\" height=\"120\"><p><\/p><\/div><\/div>\n<div class=\"haromoszlop\">\n<div><img decoding=\"async\" src=\"https:\/\/www.0tolerancia.hu\/0tolerancia.hu\/wp-content\/uploads\/2023\/01\/0t_accounting600_01.jpg\" \/><p><span class=\"alcim\">Mott\u00f3nk:<\/span><\/br>megalkuv\u00e1s n\u00e9lk\u00fcli magas min\u0151s\u00e9g\u0171 szolg\u00e1ltat\u00e1st biztos\u00edtunk minden \u00fcgyfel\u00fcnk sz\u00e1m\u00e1ra, f\u00fcggetlen\u00fcl a c\u00e9g m\u00e9ret\u00e9t\u0151l vagy a tev\u00e9kenys\u00e9gt\u00edpust\u00f3l!<\/br>B\u00fcszk\u00e9k vagyunk arra, hogy a mai napig a Z\u00e9r\u00f3-Tolerancia k\u00f6nyvel\u0151i iroda egyetlen \u00fcgyfel\u00e9nek sem kellett b\u00fcntet\u00e9st fizetnie ad\u00f3vizsg\u00e1latok alkalm\u00e1val!<\/p><\/div>\n<div><img decoding=\"async\" src=\"https:\/\/www.0tolerancia.hu\/0tolerancia.hu\/wp-content\/uploads\/2023\/01\/0t_accounting600_03.jpg\" \/><p><span class=\"alcim\">Mott\u00f3nk:<\/span><\/br>megalkuv\u00e1s n\u00e9lk\u00fcli magas min\u0151s\u00e9g\u0171 szolg\u00e1ltat\u00e1st biztos\u00edtunk minden \u00fcgyfel\u00fcnk sz\u00e1m\u00e1ra, f\u00fcggetlen\u00fcl a c\u00e9g m\u00e9ret\u00e9t\u0151l vagy a tev\u00e9kenys\u00e9gt\u00edpust\u00f3l!<\/br>B\u00fcszk\u00e9k vagyunk arra, hogy a mai napig a Z\u00e9r\u00f3-Tolerancia k\u00f6nyvel\u0151i iroda egyetlen \u00fcgyfel\u00e9nek sem kellett b\u00fcntet\u00e9st fizetnie ad\u00f3vizsg\u00e1latok alkalm\u00e1val!<\/p><\/div>\n<div><img decoding=\"async\" src=\"https:\/\/www.0tolerancia.hu\/0tolerancia.hu\/wp-content\/uploads\/2023\/01\/0t_accounting600_04.jpg\" \/><p><span class=\"alcim\">Mott\u00f3nk:<\/span><\/br>megalkuv\u00e1s n\u00e9lk\u00fcli magas min\u0151s\u00e9g\u0171 szolg\u00e1ltat\u00e1st biztos\u00edtunk minden \u00fcgyfel\u00fcnk sz\u00e1m\u00e1ra, f\u00fcggetlen\u00fcl a c\u00e9g m\u00e9ret\u00e9t\u0151l vagy a tev\u00e9kenys\u00e9gt\u00edpust\u00f3l!<\/br>B\u00fcszk\u00e9k vagyunk arra, hogy a mai napig a Z\u00e9r\u00f3-Tolerancia k\u00f6nyvel\u0151i iroda egyetlen \u00fcgyfel\u00e9nek sem kellett b\u00fcntet\u00e9st fizetnie ad\u00f3vizsg\u00e1latok alkalm\u00e1val!<\/p><\/div>\n<\/div>\n<div class=\"flexnw\"><img decoding=\"async\" src=\"https:\/\/www.0tolerancia.hu\/0tolerancia.hu\/wp-content\/uploads\/2023\/01\/0t_room.jpg\" \/><\/div>\n","protected":false},"excerpt":{"rendered":"<p>Kapcsolat Telefon: +36 1 445-4066 Fax: +36 1 700-1601 Mobil: +36 20 260-7072 Skype: mgyorei E-mail: info@0tolerancia.hu Facebook:&nbsp;http:\/\/www.facebook.com\/ZeroToleranciaKft Mott\u00f3nk:megalkuv\u00e1s n\u00e9lk\u00fcli magas min\u0151s\u00e9g\u0171 szolg\u00e1ltat\u00e1st biztos\u00edtunk minden \u00fcgyfel\u00fcnk sz\u00e1m\u00e1ra, f\u00fcggetlen\u00fcl a c\u00e9g m\u00e9ret\u00e9t\u0151l vagy a tev\u00e9kenys\u00e9gt\u00edpust\u00f3l!B\u00fcszk\u00e9k vagyunk arra, hogy a mai napig a Z\u00e9r\u00f3-Tolerancia k\u00f6nyvel\u0151i iroda egyetlen \u00fcgyfel\u00e9nek sem kellett b\u00fcntet\u00e9st fizetnie ad\u00f3vizsg\u00e1latok alkalm\u00e1val! Mott\u00f3nk:megalkuv\u00e1s n\u00e9lk\u00fcli magas&hellip; <a class=\"more-link\" href=\"https:\/\/www.0tolerancia.hu\/index.php\/kapcsolat\/\"><span class=\"screen-reader-text\">Kapcsolat<\/span> olvas\u00e1s\u00e1nak folytat\u00e1sa<\/a><\/p>\n","protected":false},"author":2,"featured_media":0,"parent":0,"menu_order":0,"comment_status":"closed","ping_status":"closed","template":"","meta":{"footnotes":""},"class_list":["post-30","page","type-page","status-publish","hentry","entry"],"yoast_head":"<!-- This site is optimized with the Yoast SEO plugin v20.1 - https:\/\/yoast.com\/wordpress\/plugins\/seo\/ -->\n<title>Kapcsolat - Z\u00e9r\u00f3-Tolerancia Kft.<\/title>\n<meta name=\"robots\" content=\"index, follow, max-snippet:-1, max-image-preview:large, max-video-preview:-1\" \/>\n<link rel=\"canonical\" href=\"https:\/\/www.0tolerancia.hu\/index.php\/kapcsolat\/\" \/>\n<meta property=\"og:locale\" content=\"hu_HU\" \/>\n<meta property=\"og:type\" content=\"article\" \/>\n<meta property=\"og:title\" content=\"Kapcsolat - Z\u00e9r\u00f3-Tolerancia Kft.\" \/>\n<meta property=\"og:description\" content=\"Kapcsolat Telefon: +36 1 445-4066 Fax: +36 1 700-1601 Mobil: +36 20 260-7072 Skype: mgyorei E-mail: info@0tolerancia.hu Facebook:&nbsp;http:\/\/www.facebook.com\/ZeroToleranciaKft Mott\u00f3nk:megalkuv\u00e1s n\u00e9lk\u00fcli magas min\u0151s\u00e9g\u0171 szolg\u00e1ltat\u00e1st biztos\u00edtunk minden \u00fcgyfel\u00fcnk sz\u00e1m\u00e1ra, f\u00fcggetlen\u00fcl a c\u00e9g m\u00e9ret\u00e9t\u0151l vagy a tev\u00e9kenys\u00e9gt\u00edpust\u00f3l!B\u00fcszk\u00e9k vagyunk arra, hogy a mai napig a Z\u00e9r\u00f3-Tolerancia k\u00f6nyvel\u0151i iroda egyetlen \u00fcgyfel\u00e9nek sem kellett b\u00fcntet\u00e9st fizetnie ad\u00f3vizsg\u00e1latok alkalm\u00e1val! Mott\u00f3nk:megalkuv\u00e1s n\u00e9lk\u00fcli magas&hellip; Kapcsolat olvas\u00e1s\u00e1nak folytat\u00e1sa\" \/>\n<meta property=\"og:url\" content=\"https:\/\/www.0tolerancia.hu\/index.php\/kapcsolat\/\" \/>\n<meta property=\"og:site_name\" content=\"Z\u00e9r\u00f3-Tolerancia Kft.\" \/>\n<meta property=\"article:modified_time\" content=\"2023-02-03T13:34:33+00:00\" \/>\n<meta property=\"og:image\" content=\"https:\/\/www.0tolerancia.hu\/0tolerancia.hu\/wp-content\/uploads\/2023\/02\/contactus3.png\" \/>\n<meta name=\"twitter:card\" content=\"summary_large_image\" \/>\n<meta name=\"twitter:label1\" content=\"Becs\u00fclt olvas\u00e1si id\u0151\" \/>\n\t<meta name=\"twitter:data1\" content=\"1 perc\" \/>\n<script type=\"application\/ld+json\" class=\"yoast-schema-graph\">{\"@context\":\"https:\/\/schema.org\",\"@graph\":[{\"@type\":\"WebPage\",\"@id\":\"https:\/\/www.0tolerancia.hu\/index.php\/kapcsolat\/\",\"url\":\"https:\/\/www.0tolerancia.hu\/index.php\/kapcsolat\/\",\"name\":\"Kapcsolat - Z\u00e9r\u00f3-Tolerancia Kft.\",\"isPartOf\":{\"@id\":\"https:\/\/www.0tolerancia.hu\/#website\"},\"datePublished\":\"2023-01-25T16:07:47+00:00\",\"dateModified\":\"2023-02-03T13:34:33+00:00\",\"breadcrumb\":{\"@id\":\"https:\/\/www.0tolerancia.hu\/index.php\/kapcsolat\/#breadcrumb\"},\"inLanguage\":\"hu\",\"potentialAction\":[{\"@type\":\"ReadAction\",\"target\":[\"https:\/\/www.0tolerancia.hu\/index.php\/kapcsolat\/\"]}]},{\"@type\":\"BreadcrumbList\",\"@id\":\"https:\/\/www.0tolerancia.hu\/index.php\/kapcsolat\/#breadcrumb\",\"itemListElement\":[{\"@type\":\"ListItem\",\"position\":1,\"name\":\"Kezd\u0151lap\",\"item\":\"https:\/\/www.0tolerancia.hu\/\"},{\"@type\":\"ListItem\",\"position\":2,\"name\":\"Kapcsolat\"}]},{\"@type\":\"WebSite\",\"@id\":\"https:\/\/www.0tolerancia.hu\/#website\",\"url\":\"https:\/\/www.0tolerancia.hu\/\",\"name\":\"Z\u00e9r\u00f3-Tolerancia Kft.\",\"description\":\"\",\"publisher\":{\"@id\":\"https:\/\/www.0tolerancia.hu\/#organization\"},\"alternateName\":\"Z\u00e9r\u00f3-Tolerancia - Biztos ad\u00f3 \u00e9s jogi ismeretek b\u0151v\u00fcl\u00e9shez Magyarorsz\u00e1gon\",\"potentialAction\":[{\"@type\":\"SearchAction\",\"target\":{\"@type\":\"EntryPoint\",\"urlTemplate\":\"https:\/\/www.0tolerancia.hu\/?s={search_term_string}\"},\"query-input\":\"required name=search_term_string\"}],\"inLanguage\":\"hu\"},{\"@type\":\"Organization\",\"@id\":\"https:\/\/www.0tolerancia.hu\/#organization\",\"name\":\"Z\u00e9r\u00f3-Tolerancia Kft.\",\"url\":\"https:\/\/www.0tolerancia.hu\/\",\"logo\":{\"@type\":\"ImageObject\",\"inLanguage\":\"hu\",\"@id\":\"https:\/\/www.0tolerancia.hu\/#\/schema\/logo\/image\/\",\"url\":\"https:\/\/www.0tolerancia.hu\/0tolerancia.hu\/wp-content\/uploads\/2023\/02\/cropped-ztolerancia_logo200.png\",\"contentUrl\":\"https:\/\/www.0tolerancia.hu\/0tolerancia.hu\/wp-content\/uploads\/2023\/02\/cropped-ztolerancia_logo200.png\",\"width\":200,\"height\":90,\"caption\":\"Z\u00e9r\u00f3-Tolerancia Kft.\"},\"image\":{\"@id\":\"https:\/\/www.0tolerancia.hu\/#\/schema\/logo\/image\/\"}}]}<\/script>\n<!-- \/ Yoast SEO plugin. -->","yoast_head_json":{"title":"Kapcsolat - Z\u00e9r\u00f3-Tolerancia Kft.","robots":{"index":"index","follow":"follow","max-snippet":"max-snippet:-1","max-image-preview":"max-image-preview:large","max-video-preview":"max-video-preview:-1"},"canonical":"https:\/\/www.0tolerancia.hu\/index.php\/kapcsolat\/","og_locale":"hu_HU","og_type":"article","og_title":"Kapcsolat - Z\u00e9r\u00f3-Tolerancia Kft.","og_description":"Kapcsolat Telefon: +36 1 445-4066 Fax: +36 1 700-1601 Mobil: +36 20 260-7072 Skype: mgyorei E-mail: info@0tolerancia.hu Facebook:&nbsp;http:\/\/www.facebook.com\/ZeroToleranciaKft Mott\u00f3nk:megalkuv\u00e1s n\u00e9lk\u00fcli magas min\u0151s\u00e9g\u0171 szolg\u00e1ltat\u00e1st biztos\u00edtunk minden \u00fcgyfel\u00fcnk sz\u00e1m\u00e1ra, f\u00fcggetlen\u00fcl a c\u00e9g m\u00e9ret\u00e9t\u0151l vagy a tev\u00e9kenys\u00e9gt\u00edpust\u00f3l!B\u00fcszk\u00e9k vagyunk arra, hogy a mai napig a Z\u00e9r\u00f3-Tolerancia k\u00f6nyvel\u0151i iroda egyetlen \u00fcgyfel\u00e9nek sem kellett b\u00fcntet\u00e9st fizetnie ad\u00f3vizsg\u00e1latok alkalm\u00e1val! Mott\u00f3nk:megalkuv\u00e1s n\u00e9lk\u00fcli magas&hellip; Kapcsolat olvas\u00e1s\u00e1nak folytat\u00e1sa","og_url":"https:\/\/www.0tolerancia.hu\/index.php\/kapcsolat\/","og_site_name":"Z\u00e9r\u00f3-Tolerancia Kft.","article_modified_time":"2023-02-03T13:34:33+00:00","og_image":[{"url":"https:\/\/www.0tolerancia.hu\/0tolerancia.hu\/wp-content\/uploads\/2023\/02\/contactus3.png"}],"twitter_card":"summary_large_image","twitter_misc":{"Becs\u00fclt olvas\u00e1si id\u0151":"1 perc"},"schema":{"@context":"https:\/\/schema.org","@graph":[{"@type":"WebPage","@id":"https:\/\/www.0tolerancia.hu\/index.php\/kapcsolat\/","url":"https:\/\/www.0tolerancia.hu\/index.php\/kapcsolat\/","name":"Kapcsolat - Z\u00e9r\u00f3-Tolerancia Kft.","isPartOf":{"@id":"https:\/\/www.0tolerancia.hu\/#website"},"datePublished":"2023-01-25T16:07:47+00:00","dateModified":"2023-02-03T13:34:33+00:00","breadcrumb":{"@id":"https:\/\/www.0tolerancia.hu\/index.php\/kapcsolat\/#breadcrumb"},"inLanguage":"hu","potentialAction":[{"@type":"ReadAction","target":["https:\/\/www.0tolerancia.hu\/index.php\/kapcsolat\/"]}]},{"@type":"BreadcrumbList","@id":"https:\/\/www.0tolerancia.hu\/index.php\/kapcsolat\/#breadcrumb","itemListElement":[{"@type":"ListItem","position":1,"name":"Kezd\u0151lap","item":"https:\/\/www.0tolerancia.hu\/"},{"@type":"ListItem","position":2,"name":"Kapcsolat"}]},{"@type":"WebSite","@id":"https:\/\/www.0tolerancia.hu\/#website","url":"https:\/\/www.0tolerancia.hu\/","name":"Z\u00e9r\u00f3-Tolerancia Kft.","description":"","publisher":{"@id":"https:\/\/www.0tolerancia.hu\/#organization"},"alternateName":"Z\u00e9r\u00f3-Tolerancia - Biztos ad\u00f3 \u00e9s jogi ismeretek b\u0151v\u00fcl\u00e9shez Magyarorsz\u00e1gon","potentialAction":[{"@type":"SearchAction","target":{"@type":"EntryPoint","urlTemplate":"https:\/\/www.0tolerancia.hu\/?s={search_term_string}"},"query-input":"required name=search_term_string"}],"inLanguage":"hu"},{"@type":"Organization","@id":"https:\/\/www.0tolerancia.hu\/#organization","name":"Z\u00e9r\u00f3-Tolerancia Kft.","url":"https:\/\/www.0tolerancia.hu\/","logo":{"@type":"ImageObject","inLanguage":"hu","@id":"https:\/\/www.0tolerancia.hu\/#\/schema\/logo\/image\/","url":"https:\/\/www.0tolerancia.hu\/0tolerancia.hu\/wp-content\/uploads\/2023\/02\/cropped-ztolerancia_logo200.png","contentUrl":"https:\/\/www.0tolerancia.hu\/0tolerancia.hu\/wp-content\/uploads\/2023\/02\/cropped-ztolerancia_logo200.png","width":200,"height":90,"caption":"Z\u00e9r\u00f3-Tolerancia Kft."},"image":{"@id":"https:\/\/www.0tolerancia.hu\/#\/schema\/logo\/image\/"}}]}},"_links":{"self":[{"href":"https:\/\/www.0tolerancia.hu\/index.php\/wp-json\/wp\/v2\/pages\/30","targetHints":{"allow":["GET"]}}],"collection":[{"href":"https:\/\/www.0tolerancia.hu\/index.php\/wp-json\/wp\/v2\/pages"}],"about":[{"href":"https:\/\/www.0tolerancia.hu\/index.php\/wp-json\/wp\/v2\/types\/page"}],"author":[{"embeddable":true,"href":"https:\/\/www.0tolerancia.hu\/index.php\/wp-json\/wp\/v2\/users\/2"}],"replies":[{"embeddable":true,"href":"https:\/\/www.0tolerancia.hu\/index.php\/wp-json\/wp\/v2\/comments?post=30"}],"version-history":[{"count":25,"href":"https:\/\/www.0tolerancia.hu\/index.php\/wp-json\/wp\/v2\/pages\/30\/revisions"}],"predecessor-version":[{"id":644,"href":"https:\/\/www.0tolerancia.hu\/index.php\/wp-json\/wp\/v2\/pages\/30\/revisions\/644"}],"wp:attachment":[{"href":"https:\/\/www.0tolerancia.hu\/index.php\/wp-json\/wp\/v2\/media?parent=30"}],"curies":[{"name":"wp","href":"https:\/\/api.w.org\/{rel}","templated":true}]}}