{"id":689,"date":"2023-02-06T16:23:07","date_gmt":"2023-02-06T15:23:07","guid":{"rendered":"https:\/\/www.0tolerancia.hu\/0tolerancia.hu\/?page_id=689"},"modified":"2023-02-13T08:30:26","modified_gmt":"2023-02-13T07:30:26","slug":"en","status":"publish","type":"page","link":"https:\/\/www.0tolerancia.hu\/index.php\/en\/","title":{"rendered":"Zero-Tolerancia Accounting Service"},"content":{"rendered":"\n<div class=\"minuszmargo2 flexnw2\">\n  <h1 class=\"cim\">Expand your commercial services <span class=\"kekszoveg vastagbetu\"><br>\n  to Hungary!<\/span><\/h1>\n<\/div>\n<div class=\"flexnw\">\n  <div class=\"flexnwelso\">\n    <p class=\"sorkizart\">We have more then 30 years of experience in VAT registration, VAT declaration, and accounting of several Hungarian companies. We are based in Hungary, but we work together with several international consultation companies in our profession.<br>\n    <br>\n    Start selling your products in Hungary. Opening up the new market of Hungary will result in increasing your revenues in an instant. We help you build up your presence in Hungary with our local knowledge of market, legal and taxation requirements thus ensuring your safety, the complience of all of them. Kick off with success and stay safe with us.<\/p>\n  <\/div>\n  <div id=\"kezdokep\">\n    <img loading=\"lazy\" decoding=\"async\" src=\"https:\/\/www.0tolerancia.hu\/0tolerancia.hu\/wp-content\/uploads\/2023\/02\/KGYMonika.jpg\" width=\"120\" height=\"120\" alt=\"Korbulyne_Gyorei_Monika\">\n    <p><strong>Korbulyn\u00e9 Gy\u0151rei M\u00f3nika<\/strong><br>\n    Executive Director<\/p>\n  <\/div>\n<\/div>\n\n  <div class=\"ketoszlop\">\n    <div id=\"ketoszlopelso\">\n    <h2 class=\"balra\">VAT registration &amp; declaration in Hungary<\/h2>\n    <p class=\"sorkizart\">We are a recognized multidisciplinary service provider that provides tax, customs and accounting solutions to international companies to facilitate their development in Hungary.<\/p>\n    <p>&nbsp;<\/p>\n    <div>\n      <img decoding=\"async\" src=\"https:\/\/www.0tolerancia.hu\/0tolerancia.hu\/wp-content\/uploads\/2023\/02\/mark_zt2535.png\" alt=\"0t_mark\">\n      <p>Professional expertise<\/p>\n    <\/div>\n    <div>\n      <img decoding=\"async\" src=\"https:\/\/www.0tolerancia.hu\/0tolerancia.hu\/wp-content\/uploads\/2023\/02\/mark_zt2535.png\" alt=\"0t_mark\">\n      <p>A time saver<\/p>\n    <\/div>\n    <div>\n      <img decoding=\"async\" src=\"https:\/\/www.0tolerancia.hu\/0tolerancia.hu\/wp-content\/uploads\/2023\/02\/mark_zt2535.png\" alt=\"0t_mark\">\n      <p>Transparent pricing<\/p>\n    <\/div>\n    <div>\n      <img decoding=\"async\" src=\"https:\/\/www.0tolerancia.hu\/0tolerancia.hu\/wp-content\/uploads\/2023\/02\/mark_zt2535.png\" alt=\"0t_mark\">\n      <p>Responsiveness and the ability to communicate quickly via email<\/p>\n    <\/div>\n    <div>\n      <img decoding=\"async\" src=\"https:\/\/www.0tolerancia.hu\/0tolerancia.hu\/wp-content\/uploads\/2023\/02\/mark_zt2535.png\" alt=\"0t_mark\">\n      <p>Consideration, empathy&#8230; quite simply the desire to do good<\/p>\n    <\/div>\n    <div>\n      <img decoding=\"async\" src=\"https:\/\/www.0tolerancia.hu\/0tolerancia.hu\/wp-content\/uploads\/2023\/02\/mark_zt2535.png\" alt=\"0t_mark\">\n      <p>A working methodology<\/p>\n    <\/div><\/div>\n    <div id=\"ketoszlopimg\"><img decoding=\"async\" src=\"https:\/\/www.0tolerancia.hu\/0tolerancia.hu\/wp-content\/uploads\/2023\/01\/0t_accounting01.jpg\" alt=\"0t_accounting\"><\/div>\n  <\/div>\n\n<div style=\"min-width: 50% !important;\">\n  <div>\n    <h2 class=\"kozepre\" style=\"color: #4758a0;\">Our services for fiscal representation in Hungary<\/h2>\n    <p>&nbsp;<\/p>\n    <div class=\"haromoszlop\">\n      <div>\n      <h3>VAT registration<\/h3>\n      <p>Register your company based abroad for VAT purposes in Hungary<\/p><img decoding=\"async\" class=\"haromoszlopikon\" src=\"https:\/\/www.0tolerancia.hu\/0tolerancia.hu\/wp-content\/uploads\/2023\/02\/hungary_circle4.png\" alt=\"0t_hun_circle\"><\/div>\n      <div>\n      <h3>VAT return<\/h3>\n      <p>Management of your VAT tax obligations: payment, tax credit, reporting frequency<\/p><img decoding=\"async\" class=\"haromoszlopikon\" src=\"https:\/\/www.0tolerancia.hu\/0tolerancia.hu\/wp-content\/uploads\/2023\/02\/vat_return2.png\" alt=\"0t_vat_return\"><\/div>\n      <div>\n      <h3>OSS &amp; IOSS<\/h3>\n      <p>OSS and IOSS login and notification. One-stop-shop has never been easier by us<\/p><img decoding=\"async\" class=\"haromoszlopikon\" src=\"https:\/\/www.0tolerancia.hu\/0tolerancia.hu\/wp-content\/uploads\/2023\/02\/ioss11.png\" alt=\"0t_ioss\"><\/div>\n    <\/div>\n    <div class=\"haromoszlop\">\n      <div>\n      <h3>VAT refund<\/h3>\n      <p>Either you are on a business trip, visiting a trade fair, doing import business: recover the input VAT paid in Hungary&#8230;<\/p><img decoding=\"async\" class=\"haromoszlopikon\" src=\"https:\/\/www.0tolerancia.hu\/0tolerancia.hu\/wp-content\/uploads\/2023\/02\/vat_return3.png\" alt=\"0t_vat_return2\"><\/div>\n      <div>\n      <h3>Intrastat<\/h3>\n      <p>In addition to the VAT declaration, other reports may also not be omitted. Our company Z\u00e9r\u00f3-Tolerancia takes care of all your obligations.<\/p><img decoding=\"async\" class=\"haromoszlopikon\" src=\"https:\/\/www.0tolerancia.hu\/0tolerancia.hu\/wp-content\/uploads\/2023\/02\/intrastat.png\" alt=\"0t_intrastat\"><\/div>\n      <div id=\"haromoszlopimg\"><img decoding=\"async\" src=\"https:\/\/www.0tolerancia.hu\/0tolerancia.hu\/wp-content\/uploads\/2023\/01\/0t_accounting600_03.jpg\" alt=\"0t_accounting2\"><\/div>\n    <\/div>\n  <\/div>\n<\/div>\n<div style=\"min-width: 50% !important;\">\n  <p id=\"kapcsolat\" class=\"alcim\">Contact<\/p>\n  <p>Phone: +36 1 445-4066<br>\n  Fax: +36 1 700-1601<\/br>\n  E-mail: <a href=\"mailto:info@0tolerancia.hu\">info@0tolerancia.hu<\/a><\/p>\n<\/div>\n","protected":false},"excerpt":{"rendered":"<p>Expand your commercial services to Hungary! We have more then 30 years of experience in VAT registration, VAT declaration, and accounting of several Hungarian companies. We are based in Hungary, but we work together with several international consultation companies in our profession. Start selling your products in Hungary. Opening up the new market of Hungary&hellip; <a class=\"more-link\" href=\"https:\/\/www.0tolerancia.hu\/index.php\/en\/\"><span class=\"screen-reader-text\">Zero-Tolerancia Accounting Service<\/span> olvas\u00e1s\u00e1nak folytat\u00e1sa<\/a><\/p>\n","protected":false},"author":2,"featured_media":0,"parent":0,"menu_order":0,"comment_status":"closed","ping_status":"closed","template":"","meta":{"footnotes":""},"class_list":["post-689","page","type-page","status-publish","hentry","entry"],"yoast_head":"<!-- This site is optimized with the Yoast SEO plugin v20.1 - https:\/\/yoast.com\/wordpress\/plugins\/seo\/ -->\n<title>Zero-Tolerancia Accounting Service - Z\u00e9r\u00f3-Tolerancia Kft.<\/title>\n<meta name=\"robots\" content=\"index, follow, max-snippet:-1, max-image-preview:large, max-video-preview:-1\" \/>\n<link rel=\"canonical\" href=\"https:\/\/www.0tolerancia.hu\/index.php\/en\/\" \/>\n<meta property=\"og:locale\" content=\"hu_HU\" \/>\n<meta property=\"og:type\" content=\"article\" \/>\n<meta property=\"og:title\" content=\"Zero-Tolerancia Accounting Service - Z\u00e9r\u00f3-Tolerancia Kft.\" \/>\n<meta property=\"og:description\" content=\"Expand your commercial services to Hungary! We have more then 30 years of experience in VAT registration, VAT declaration, and accounting of several Hungarian companies. We are based in Hungary, but we work together with several international consultation companies in our profession. Start selling your products in Hungary. Opening up the new market of Hungary&hellip; Zero-Tolerancia Accounting Service olvas\u00e1s\u00e1nak folytat\u00e1sa\" \/>\n<meta property=\"og:url\" content=\"https:\/\/www.0tolerancia.hu\/index.php\/en\/\" \/>\n<meta property=\"og:site_name\" content=\"Z\u00e9r\u00f3-Tolerancia Kft.\" \/>\n<meta property=\"article:modified_time\" content=\"2023-02-13T07:30:26+00:00\" \/>\n<meta property=\"og:image\" content=\"https:\/\/www.0tolerancia.hu\/0tolerancia.hu\/wp-content\/uploads\/2023\/02\/KGYMonika.jpg\" \/>\n<meta name=\"twitter:card\" content=\"summary_large_image\" \/>\n<meta name=\"twitter:label1\" content=\"Becs\u00fclt olvas\u00e1si id\u0151\" \/>\n\t<meta name=\"twitter:data1\" content=\"5 perc\" \/>\n<script type=\"application\/ld+json\" class=\"yoast-schema-graph\">{\"@context\":\"https:\/\/schema.org\",\"@graph\":[{\"@type\":\"WebPage\",\"@id\":\"https:\/\/www.0tolerancia.hu\/index.php\/en\/\",\"url\":\"https:\/\/www.0tolerancia.hu\/index.php\/en\/\",\"name\":\"Zero-Tolerancia Accounting Service - Z\u00e9r\u00f3-Tolerancia Kft.\",\"isPartOf\":{\"@id\":\"https:\/\/www.0tolerancia.hu\/#website\"},\"datePublished\":\"2023-02-06T15:23:07+00:00\",\"dateModified\":\"2023-02-13T07:30:26+00:00\",\"breadcrumb\":{\"@id\":\"https:\/\/www.0tolerancia.hu\/index.php\/en\/#breadcrumb\"},\"inLanguage\":\"hu\",\"potentialAction\":[{\"@type\":\"ReadAction\",\"target\":[\"https:\/\/www.0tolerancia.hu\/index.php\/en\/\"]}]},{\"@type\":\"BreadcrumbList\",\"@id\":\"https:\/\/www.0tolerancia.hu\/index.php\/en\/#breadcrumb\",\"itemListElement\":[{\"@type\":\"ListItem\",\"position\":1,\"name\":\"Kezd\u0151lap\",\"item\":\"https:\/\/www.0tolerancia.hu\/\"},{\"@type\":\"ListItem\",\"position\":2,\"name\":\"Zero-Tolerancia Accounting Service\"}]},{\"@type\":\"WebSite\",\"@id\":\"https:\/\/www.0tolerancia.hu\/#website\",\"url\":\"https:\/\/www.0tolerancia.hu\/\",\"name\":\"Z\u00e9r\u00f3-Tolerancia Kft.\",\"description\":\"\",\"publisher\":{\"@id\":\"https:\/\/www.0tolerancia.hu\/#organization\"},\"alternateName\":\"Z\u00e9r\u00f3-Tolerancia - Biztos ad\u00f3 \u00e9s jogi ismeretek b\u0151v\u00fcl\u00e9shez Magyarorsz\u00e1gon\",\"potentialAction\":[{\"@type\":\"SearchAction\",\"target\":{\"@type\":\"EntryPoint\",\"urlTemplate\":\"https:\/\/www.0tolerancia.hu\/?s={search_term_string}\"},\"query-input\":\"required name=search_term_string\"}],\"inLanguage\":\"hu\"},{\"@type\":\"Organization\",\"@id\":\"https:\/\/www.0tolerancia.hu\/#organization\",\"name\":\"Z\u00e9r\u00f3-Tolerancia Kft.\",\"url\":\"https:\/\/www.0tolerancia.hu\/\",\"logo\":{\"@type\":\"ImageObject\",\"inLanguage\":\"hu\",\"@id\":\"https:\/\/www.0tolerancia.hu\/#\/schema\/logo\/image\/\",\"url\":\"https:\/\/www.0tolerancia.hu\/0tolerancia.hu\/wp-content\/uploads\/2023\/02\/cropped-ztolerancia_logo200.png\",\"contentUrl\":\"https:\/\/www.0tolerancia.hu\/0tolerancia.hu\/wp-content\/uploads\/2023\/02\/cropped-ztolerancia_logo200.png\",\"width\":200,\"height\":90,\"caption\":\"Z\u00e9r\u00f3-Tolerancia Kft.\"},\"image\":{\"@id\":\"https:\/\/www.0tolerancia.hu\/#\/schema\/logo\/image\/\"}}]}<\/script>\n<!-- \/ Yoast SEO plugin. -->","yoast_head_json":{"title":"Zero-Tolerancia Accounting Service - Z\u00e9r\u00f3-Tolerancia Kft.","robots":{"index":"index","follow":"follow","max-snippet":"max-snippet:-1","max-image-preview":"max-image-preview:large","max-video-preview":"max-video-preview:-1"},"canonical":"https:\/\/www.0tolerancia.hu\/index.php\/en\/","og_locale":"hu_HU","og_type":"article","og_title":"Zero-Tolerancia Accounting Service - Z\u00e9r\u00f3-Tolerancia Kft.","og_description":"Expand your commercial services to Hungary! We have more then 30 years of experience in VAT registration, VAT declaration, and accounting of several Hungarian companies. We are based in Hungary, but we work together with several international consultation companies in our profession. Start selling your products in Hungary. Opening up the new market of Hungary&hellip; Zero-Tolerancia Accounting Service olvas\u00e1s\u00e1nak folytat\u00e1sa","og_url":"https:\/\/www.0tolerancia.hu\/index.php\/en\/","og_site_name":"Z\u00e9r\u00f3-Tolerancia Kft.","article_modified_time":"2023-02-13T07:30:26+00:00","og_image":[{"url":"https:\/\/www.0tolerancia.hu\/0tolerancia.hu\/wp-content\/uploads\/2023\/02\/KGYMonika.jpg"}],"twitter_card":"summary_large_image","twitter_misc":{"Becs\u00fclt olvas\u00e1si id\u0151":"5 perc"},"schema":{"@context":"https:\/\/schema.org","@graph":[{"@type":"WebPage","@id":"https:\/\/www.0tolerancia.hu\/index.php\/en\/","url":"https:\/\/www.0tolerancia.hu\/index.php\/en\/","name":"Zero-Tolerancia Accounting Service - Z\u00e9r\u00f3-Tolerancia Kft.","isPartOf":{"@id":"https:\/\/www.0tolerancia.hu\/#website"},"datePublished":"2023-02-06T15:23:07+00:00","dateModified":"2023-02-13T07:30:26+00:00","breadcrumb":{"@id":"https:\/\/www.0tolerancia.hu\/index.php\/en\/#breadcrumb"},"inLanguage":"hu","potentialAction":[{"@type":"ReadAction","target":["https:\/\/www.0tolerancia.hu\/index.php\/en\/"]}]},{"@type":"BreadcrumbList","@id":"https:\/\/www.0tolerancia.hu\/index.php\/en\/#breadcrumb","itemListElement":[{"@type":"ListItem","position":1,"name":"Kezd\u0151lap","item":"https:\/\/www.0tolerancia.hu\/"},{"@type":"ListItem","position":2,"name":"Zero-Tolerancia Accounting Service"}]},{"@type":"WebSite","@id":"https:\/\/www.0tolerancia.hu\/#website","url":"https:\/\/www.0tolerancia.hu\/","name":"Z\u00e9r\u00f3-Tolerancia Kft.","description":"","publisher":{"@id":"https:\/\/www.0tolerancia.hu\/#organization"},"alternateName":"Z\u00e9r\u00f3-Tolerancia - Biztos ad\u00f3 \u00e9s jogi ismeretek b\u0151v\u00fcl\u00e9shez Magyarorsz\u00e1gon","potentialAction":[{"@type":"SearchAction","target":{"@type":"EntryPoint","urlTemplate":"https:\/\/www.0tolerancia.hu\/?s={search_term_string}"},"query-input":"required name=search_term_string"}],"inLanguage":"hu"},{"@type":"Organization","@id":"https:\/\/www.0tolerancia.hu\/#organization","name":"Z\u00e9r\u00f3-Tolerancia Kft.","url":"https:\/\/www.0tolerancia.hu\/","logo":{"@type":"ImageObject","inLanguage":"hu","@id":"https:\/\/www.0tolerancia.hu\/#\/schema\/logo\/image\/","url":"https:\/\/www.0tolerancia.hu\/0tolerancia.hu\/wp-content\/uploads\/2023\/02\/cropped-ztolerancia_logo200.png","contentUrl":"https:\/\/www.0tolerancia.hu\/0tolerancia.hu\/wp-content\/uploads\/2023\/02\/cropped-ztolerancia_logo200.png","width":200,"height":90,"caption":"Z\u00e9r\u00f3-Tolerancia Kft."},"image":{"@id":"https:\/\/www.0tolerancia.hu\/#\/schema\/logo\/image\/"}}]}},"_links":{"self":[{"href":"https:\/\/www.0tolerancia.hu\/index.php\/wp-json\/wp\/v2\/pages\/689","targetHints":{"allow":["GET"]}}],"collection":[{"href":"https:\/\/www.0tolerancia.hu\/index.php\/wp-json\/wp\/v2\/pages"}],"about":[{"href":"https:\/\/www.0tolerancia.hu\/index.php\/wp-json\/wp\/v2\/types\/page"}],"author":[{"embeddable":true,"href":"https:\/\/www.0tolerancia.hu\/index.php\/wp-json\/wp\/v2\/users\/2"}],"replies":[{"embeddable":true,"href":"https:\/\/www.0tolerancia.hu\/index.php\/wp-json\/wp\/v2\/comments?post=689"}],"version-history":[{"count":67,"href":"https:\/\/www.0tolerancia.hu\/index.php\/wp-json\/wp\/v2\/pages\/689\/revisions"}],"predecessor-version":[{"id":1205,"href":"https:\/\/www.0tolerancia.hu\/index.php\/wp-json\/wp\/v2\/pages\/689\/revisions\/1205"}],"wp:attachment":[{"href":"https:\/\/www.0tolerancia.hu\/index.php\/wp-json\/wp\/v2\/media?parent=689"}],"curies":[{"name":"wp","href":"https:\/\/api.w.org\/{rel}","templated":true}]}}